
{"id":8294,"date":"2025-08-10T12:52:20","date_gmt":"2025-08-10T12:52:20","guid":{"rendered":"https:\/\/kanarikalandok.hu\/?page_id=8294"},"modified":"2025-08-10T12:52:20","modified_gmt":"2025-08-10T12:52:20","slug":"magyar-nyelvu-kirandulasok-es-delfin-les","status":"publish","type":"page","link":"https:\/\/kanarikalandok.hu\/magyar-nyelvu-kirandulasok-es-delfin-les\/","title":{"rendered":"Magyar nyelv\u0171 kir\u00e1ndul\u00e1sok \u00e9s delfin les"},"content":{"rendered":"","protected":false},"excerpt":{"rendered":"","protected":false},"author":1,"featured_media":0,"parent":0,"menu_order":0,"comment_status":"closed","ping_status":"closed","template":"","meta":[],"_links":{"self":[{"href":"https:\/\/kanarikalandok.hu\/wp-json\/wp\/v2\/pages\/8294"}],"collection":[{"href":"https:\/\/kanarikalandok.hu\/wp-json\/wp\/v2\/pages"}],"about":[{"href":"https:\/\/kanarikalandok.hu\/wp-json\/wp\/v2\/types\/page"}],"author":[{"embeddable":true,"href":"https:\/\/kanarikalandok.hu\/wp-json\/wp\/v2\/users\/1"}],"replies":[{"embeddable":true,"href":"https:\/\/kanarikalandok.hu\/wp-json\/wp\/v2\/comments?post=8294"}],"version-history":[{"count":1,"href":"https:\/\/kanarikalandok.hu\/wp-json\/wp\/v2\/pages\/8294\/revisions"}],"predecessor-version":[{"id":8295,"href":"https:\/\/kanarikalandok.hu\/wp-json\/wp\/v2\/pages\/8294\/revisions\/8295"}],"wp:attachment":[{"href":"https:\/\/kanarikalandok.hu\/wp-json\/wp\/v2\/media?parent=8294"}],"curies":[{"name":"wp","href":"https:\/\/api.w.org\/{rel}","templated":true}]}}